{"id":2407,"date":"2020-03-06T07:58:00","date_gmt":"2020-03-06T07:58:00","guid":{"rendered":"http:\/\/wpdemo.archiwp.com\/engitech\/?page_id=2407"},"modified":"2025-03-02T01:06:08","modified_gmt":"2025-03-02T01:06:08","slug":"solutions","status":"publish","type":"page","link":"https:\/\/plciorobotics.com\/en\/solutions\/","title":{"rendered":"Solutions"},"content":{"rendered":"<div data-elementor-type=\"wp-page\" data-elementor-id=\"2407\" class=\"elementor elementor-2407\" data-elementor-post-type=\"page\">\n\t\t\t\t\t\t<section class=\"elementor-section elementor-top-section elementor-element elementor-element-ca00d56 ot-traditional elementor-section-boxed elementor-section-height-default elementor-section-height-default\" data-id=\"ca00d56\" data-element_type=\"section\">\n\t\t\t\t\t\t<div class=\"elementor-container elementor-column-gap-default\">\n\t\t\t\t\t<div class=\"elementor-column elementor-col-100 elementor-top-column elementor-element elementor-element-ffdf0ac ot-flex-column-vertical\" data-id=\"ffdf0ac\" data-element_type=\"column\">\n\t\t\t<div class=\"elementor-widget-wrap elementor-element-populated\">\n\t\t\t\t\t\t<div class=\"elementor-element elementor-element-1b26fd1 elementor-widget elementor-widget-iheading\" data-id=\"1b26fd1\" data-element_type=\"widget\" data-widget_type=\"iheading.default\">\n\t\t\t\t<div class=\"elementor-widget-container\">\n\t\t\t\t\t\t\t<div class=\"ot-heading\">\r\n\t        <h2 class=\"main-heading\">Our Solutions and Services<\/h2>\t    <\/div>\r\n\t    \t\t\t\t<\/div>\n\t\t\t\t<\/div>\n\t\t\t\t<section class=\"elementor-section elementor-inner-section elementor-element elementor-element-75221f9 elementor-section-full_width elementor-section-content-bottom ot-traditional elementor-section-height-default elementor-section-height-default\" data-id=\"75221f9\" data-element_type=\"section\">\n\t\t\t\t\t\t<div class=\"elementor-container elementor-column-gap-default\">\n\t\t\t\t\t<div class=\"elementor-column elementor-col-50 elementor-inner-column elementor-element elementor-element-c1b831a ot-flex-column-vertical\" data-id=\"c1b831a\" data-element_type=\"column\">\n\t\t\t<div class=\"elementor-widget-wrap\">\n\t\t\t\t\t\t\t<\/div>\n\t\t<\/div>\n\t\t\t\t<div class=\"elementor-column elementor-col-50 elementor-inner-column elementor-element elementor-element-615e33b ot-flex-column-vertical\" data-id=\"615e33b\" data-element_type=\"column\">\n\t\t\t<div class=\"elementor-widget-wrap\">\n\t\t\t\t\t\t\t<\/div>\n\t\t<\/div>\n\t\t\t\t\t<\/div>\n\t\t<\/section>\n\t\t\t\t<section class=\"elementor-section elementor-inner-section elementor-element elementor-element-64da2ad elementor-section-full_width ot-traditional elementor-section-height-default elementor-section-height-default\" data-id=\"64da2ad\" data-element_type=\"section\">\n\t\t\t\t\t\t<div class=\"elementor-container elementor-column-gap-extended\">\n\t\t\t\t\t<div class=\"elementor-column elementor-col-33 elementor-inner-column elementor-element elementor-element-73d21de ot-flex-column-vertical\" data-id=\"73d21de\" data-element_type=\"column\">\n\t\t\t<div class=\"elementor-widget-wrap elementor-element-populated\">\n\t\t\t\t\t\t<div class=\"elementor-element elementor-element-2e0b847 elementor-widget elementor-widget-iiconbox2\" data-id=\"2e0b847\" data-element_type=\"widget\" data-widget_type=\"iiconbox2.default\">\n\t\t\t\t<div class=\"elementor-widget-container\">\n\t\t\t\t\t\t\t<div class=\"icon-box-s2 s1\">\r\n\t\t\t<div class=\"icon-main\">\r\n\t\t        \t\t\t    \t\t        <span class=\"flaticon-code\"><\/span>\t\t        \t        <\/div>\r\n\t        <div class=\"content-box\">\r\n\t            <h5>Automation solutions and Robotics services<\/h5>\r\n\t            <p>We are an Automation and Robotics company. Specialists in programming AllenBradley and Siemens PLCs of all generations. <br> Specialists in industrial robots of different brands such as: FANUC ABB KUKA -- NACHI -- YASKAWA -- COMAU \u2013\nKAWASAKI Vision integrations of brands: Cognex -- - Datalogic<\/p>\r\n\t        <\/div>\r\n\t    <\/div>\r\n\t    \t\t\t\t<\/div>\n\t\t\t\t<\/div>\n\t\t\t\t<div class=\"elementor-element elementor-element-d602ce2 elementor-widget elementor-widget-iiconbox2\" data-id=\"d602ce2\" data-element_type=\"widget\" data-widget_type=\"iiconbox2.default\">\n\t\t\t\t<div class=\"elementor-widget-container\">\n\t\t\t\t\t\t\t<div class=\"icon-box-s2 s1\">\r\n\t\t\t<div class=\"icon-main\">\r\n\t\t        \t\t\t    \t\t        <span class=\"flaticon-code\"><\/span>\t\t        \t        <\/div>\r\n\t        <div class=\"content-box\">\r\n\t            <h5>Vision Systems <br> Visual Inspection \/ Marking Verification<\/h5>\r\n\t            <p>Post-assembly inspection for 100% process verification. Verify the marking of the parts before and after the operation to ensure correct action and data storage.<\/p>\r\n\t        <\/div>\r\n\t    <\/div>\r\n\t    \t\t\t\t<\/div>\n\t\t\t\t<\/div>\n\t\t\t\t\t<\/div>\n\t\t<\/div>\n\t\t\t\t<div class=\"elementor-column elementor-col-33 elementor-inner-column elementor-element elementor-element-58b6f2a ot-flex-column-vertical\" data-id=\"58b6f2a\" data-element_type=\"column\">\n\t\t\t<div class=\"elementor-widget-wrap elementor-element-populated\">\n\t\t\t\t\t\t<div class=\"elementor-element elementor-element-8e5b4fe elementor-widget__width-initial elementor-widget elementor-widget-iiconbox2\" data-id=\"8e5b4fe\" data-element_type=\"widget\" data-widget_type=\"iiconbox2.default\">\n\t\t\t\t<div class=\"elementor-widget-container\">\n\t\t\t\t\t\t\t<div class=\"icon-box-s2 s1\">\r\n\t\t\t<div class=\"icon-main\">\r\n\t\t        \t\t\t    \t\t        <span class=\"flaticon-app\"><\/span>\t\t        \t        <\/div>\r\n\t        <div class=\"content-box\">\r\n\t            <h5>Trained Professionals <\/h5>\r\n\t            <p>PLC and HMI Programmers<br> Robot Programmers <br> Design, Simulation, Programming, Installation, Integration, and Maintenance. Robotics, Controls, Vision Systems, AMR, AGV, MES, WES. We have experienced contractors ready for your project anywhere in North America.<br> Allen Bradley, Siemens, Fanuc, Kuka, ABB, Yaskawa, Nachi, and many more. We facilitate hiring from major manufacturers, parts suppliers, and automation system integrators.<\/p>\r\n\t        <\/div>\r\n\t    <\/div>\r\n\t    \t\t\t\t<\/div>\n\t\t\t\t<\/div>\n\t\t\t\t<div class=\"elementor-element elementor-element-a140560 elementor-widget elementor-widget-iiconbox2\" data-id=\"a140560\" data-element_type=\"widget\" data-widget_type=\"iiconbox2.default\">\n\t\t\t\t<div class=\"elementor-widget-container\">\n\t\t\t\t\t\t\t<div class=\"icon-box-s2 s1\">\r\n\t\t\t<div class=\"icon-main\">\r\n\t\t        \t\t\t    \t\t        <span class=\"flaticon-app\"><\/span>\t\t        \t        <\/div>\r\n\t        <div class=\"content-box\">\r\n\t            <h5>Robotic Systems <\/h5>\r\n\t            <p>*Program Changes <br> *Position Teaching <br> *Cell Relocation <br> *Automation Reequipment under Standard (a comprehensive source for any requirement)<\/p>\r\n\t        <\/div>\r\n\t    <\/div>\r\n\t    \t\t\t\t<\/div>\n\t\t\t\t<\/div>\n\t\t\t\t\t<\/div>\n\t\t<\/div>\n\t\t\t\t<div class=\"elementor-column elementor-col-33 elementor-inner-column elementor-element elementor-element-80b173f elementor-hidden-tablet ot-flex-column-vertical\" data-id=\"80b173f\" data-element_type=\"column\">\n\t\t\t<div class=\"elementor-widget-wrap elementor-element-populated\">\n\t\t\t\t\t\t<div class=\"elementor-element elementor-element-ec9e6d3 elementor-widget elementor-widget-iiconbox2\" data-id=\"ec9e6d3\" data-element_type=\"widget\" data-widget_type=\"iiconbox2.default\">\n\t\t\t\t<div class=\"elementor-widget-container\">\n\t\t\t\t\t\t\t<div class=\"icon-box-s2 s1\">\r\n\t\t\t<div class=\"icon-main\">\r\n\t\t        \t\t\t    \t\t        <span class=\"flaticon-monitor\"><\/span>\t\t        \t        <\/div>\r\n\t        <div class=\"content-box\">\r\n\t            <h5>Painting and Electrolysis Processes<\/h5>\r\n\t            <p>Specialists in automated lines for Zinc plating, Chroming, Phosphating, Anodizing, and more.\n<br> <br><br><br><br><br><br><br><br><br><br><br><br><br><\/p>\r\n\t        <\/div>\r\n\t    <\/div>\r\n\t    \t\t\t\t<\/div>\n\t\t\t\t<\/div>\n\t\t\t\t<div class=\"elementor-element elementor-element-d59c8a9 elementor-widget elementor-widget-iiconbox2\" data-id=\"d59c8a9\" data-element_type=\"widget\" data-widget_type=\"iiconbox2.default\">\n\t\t\t\t<div class=\"elementor-widget-container\">\n\t\t\t\t\t\t\t<div class=\"icon-box-s2 s1\">\r\n\t\t\t<div class=\"icon-main\">\r\n\t\t        \t\t\t    \t\t        <span class=\"flaticon-monitor\"><\/span>\t\t        \t        <\/div>\r\n\t        <div class=\"content-box\">\r\n\t            <h5>Material Handling Solutions<\/h5>\r\n\t            <p>We use extensive experience and knowledge to seamlessly integrate with new or existing equipment to enhance productivity.<\/p>\r\n\t        <\/div>\r\n\t    <\/div>\r\n\t    \t\t\t\t<\/div>\n\t\t\t\t<\/div>\n\t\t\t\t\t<\/div>\n\t\t<\/div>\n\t\t\t\t\t<\/div>\n\t\t<\/section>\n\t\t\t\t<section class=\"elementor-section elementor-inner-section elementor-element elementor-element-650dfef elementor-section-full_width elementor-section-content-bottom ot-traditional elementor-section-height-default elementor-section-height-default\" data-id=\"650dfef\" data-element_type=\"section\">\n\t\t\t\t\t\t<div class=\"elementor-container elementor-column-gap-default\">\n\t\t\t\t\t<div class=\"elementor-column elementor-col-50 elementor-inner-column elementor-element elementor-element-f8ce619 ot-flex-column-vertical\" data-id=\"f8ce619\" data-element_type=\"column\">\n\t\t\t<div class=\"elementor-widget-wrap elementor-element-populated\">\n\t\t\t\t\t\t<div class=\"elementor-element elementor-element-34aa3ab elementor-widget elementor-widget-iiconbox2\" data-id=\"34aa3ab\" data-element_type=\"widget\" data-widget_type=\"iiconbox2.default\">\n\t\t\t\t<div class=\"elementor-widget-container\">\n\t\t\t\t\t\t\t<div class=\"icon-box-s2 s1\">\r\n\t\t\t<div class=\"icon-main\">\r\n\t\t        \t\t\t    \t\t        <span class=\"flaticon-best\"><\/span>\t\t        \t        <\/div>\r\n\t        <div class=\"content-box\">\r\n\t            <h5>PLC IO ROBOTICS &amp; AUTOMATION<\/h5>\r\n\t            <p>We have a team of highly skilled and experienced professional and innovative staff in: <br>\n*PLC, Robot, and HMI Programming <br>\n*Design and Control of Automation Lines <br>\n*Technical Services for Electrical and Mechanical Work <br>\n*Design and Development of Electrical Engineering <br>\n*Design and Development of Mechanical Projects <br>\n*Control Panel Assembly <br><br>\n\n<\/p>\r\n\t        <\/div>\r\n\t    <\/div>\r\n\t    \t\t\t\t<\/div>\n\t\t\t\t<\/div>\n\t\t\t\t\t<\/div>\n\t\t<\/div>\n\t\t\t\t<div class=\"elementor-column elementor-col-50 elementor-inner-column elementor-element elementor-element-4e1693a ot-column-items-center ot-flex-column-vertical\" data-id=\"4e1693a\" data-element_type=\"column\">\n\t\t\t<div class=\"elementor-widget-wrap elementor-element-populated\">\n\t\t\t\t\t\t<div class=\"elementor-element elementor-element-2801ae2 elementor-widget elementor-widget-video\" data-id=\"2801ae2\" data-element_type=\"widget\" data-settings=\"{&quot;video_type&quot;:&quot;hosted&quot;,&quot;autoplay&quot;:&quot;yes&quot;,&quot;mute&quot;:&quot;yes&quot;,&quot;controls&quot;:&quot;yes&quot;}\" data-widget_type=\"video.default\">\n\t\t\t\t<div class=\"elementor-widget-container\">\n\t\t\t\t\t\t\t<div class=\"e-hosted-video elementor-wrapper elementor-open-inline\">\n\t\t\t\t\t<video class=\"elementor-video\" src=\"http:\/\/plciorobotics.com\/wp-content\/uploads\/2024\/12\/VIDEO-DE-SIMULACION.mp4\" autoplay=\"\" controls=\"\" muted=\"muted\" controlslist=\"nodownload\"><\/video>\n\t\t\t\t<\/div>\n\t\t\t\t\t\t<\/div>\n\t\t\t\t<\/div>\n\t\t\t\t\t<\/div>\n\t\t<\/div>\n\t\t\t\t\t<\/div>\n\t\t<\/section>\n\t\t\t\t<div class=\"elementor-element elementor-element-21df24f elementor-widget elementor-widget-iiconbox2\" data-id=\"21df24f\" data-element_type=\"widget\" data-widget_type=\"iiconbox2.default\">\n\t\t\t\t<div class=\"elementor-widget-container\">\n\t\t\t\t\t\t\t<div class=\"icon-box-s2 s1\">\r\n\t\t\t<div class=\"icon-main\">\r\n\t\t        \t\t\t    \t\t        <span class=\"flaticon-browser\"><\/span>\t\t        \t        <\/div>\r\n\t        <div class=\"content-box\">\r\n\t            <h5>What Do We Work With?<\/h5>\r\n\t            <p>The hardware and software that we simulate, design, program, install, and maintain. <br>\nIncludes Allen Bradley, Siemens, Beckhoff, Omron, Delta, ABB (RoboStudio), Fanuc (Roboguide), Motoman (Motosim), Kuka (KUKA Sim), AutoCAD, SolidWorks, Cognex (In-Sight Software), and many other leading hardware and software brands and companies in automation.\n<\/p>\r\n\t        <\/div>\r\n\t    <\/div>\r\n\t    \t\t\t\t<\/div>\n\t\t\t\t<\/div>\n\t\t\t\t<section class=\"elementor-section elementor-inner-section elementor-element elementor-element-20b7ba6 elementor-section-full_width elementor-hidden-desktop elementor-hidden-phone ot-traditional elementor-section-height-default elementor-section-height-default\" data-id=\"20b7ba6\" data-element_type=\"section\">\n\t\t\t\t\t\t<div class=\"elementor-container elementor-column-gap-extended\">\n\t\t\t\t\t<div class=\"elementor-column elementor-col-50 elementor-inner-column elementor-element elementor-element-efe0abd ot-flex-column-vertical\" data-id=\"efe0abd\" data-element_type=\"column\">\n\t\t\t<div class=\"elementor-widget-wrap elementor-element-populated\">\n\t\t\t\t\t\t<div class=\"elementor-element elementor-element-0fb4318 elementor-widget elementor-widget-iiconbox2\" data-id=\"0fb4318\" data-element_type=\"widget\" data-widget_type=\"iiconbox2.default\">\n\t\t\t\t<div class=\"elementor-widget-container\">\n\t\t\t\t\t\t\t<div class=\"icon-box-s2 s1\">\r\n\t\t\t<div class=\"icon-main\">\r\n\t\t        \t\t\t    \t\t        <span class=\"flaticon-monitor\"><\/span>\t\t        \t        <\/div>\r\n\t        <div class=\"content-box\">\r\n\t            <h5>UI\/UX Design<\/h5>\r\n\t            <p>Build the product you need on time with an experienced team that uses a clear and effective design process.<\/p>\r\n\t        <\/div>\r\n\t    <\/div>\r\n\t    \t\t\t\t<\/div>\n\t\t\t\t<\/div>\n\t\t\t\t\t<\/div>\n\t\t<\/div>\n\t\t\t\t<div class=\"elementor-column elementor-col-50 elementor-inner-column elementor-element elementor-element-c42d824 ot-flex-column-vertical\" data-id=\"c42d824\" data-element_type=\"column\">\n\t\t\t<div class=\"elementor-widget-wrap elementor-element-populated\">\n\t\t\t\t\t\t<div class=\"elementor-element elementor-element-a77404d elementor-widget elementor-widget-iiconbox2\" data-id=\"a77404d\" data-element_type=\"widget\" data-widget_type=\"iiconbox2.default\">\n\t\t\t\t<div class=\"elementor-widget-container\">\n\t\t\t\t\t\t\t<div class=\"icon-box-s2 s1\">\r\n\t\t\t<div class=\"icon-main\">\r\n\t\t        \t\t\t    \t\t        <span class=\"flaticon-best\"><\/span>\t\t        \t        <\/div>\r\n\t        <div class=\"content-box\">\r\n\t            <h5>Dedicated Team<\/h5>\r\n\t            <p>Build the product you need on time with an experienced team that uses a clear and effective design process.<\/p>\r\n\t        <\/div>\r\n\t    <\/div>\r\n\t    \t\t\t\t<\/div>\n\t\t\t\t<\/div>\n\t\t\t\t\t<\/div>\n\t\t<\/div>\n\t\t\t\t\t<\/div>\n\t\t<\/section>\n\t\t\t\t<section class=\"elementor-section elementor-inner-section elementor-element elementor-element-be42fe7 elementor-section-full_width elementor-hidden-desktop ot-traditional elementor-section-height-default elementor-section-height-default\" data-id=\"be42fe7\" data-element_type=\"section\">\n\t\t\t\t\t\t<div class=\"elementor-container elementor-column-gap-extended\">\n\t\t\t\t\t<div class=\"elementor-column elementor-col-50 elementor-inner-column elementor-element elementor-element-56c3665 ot-flex-column-vertical\" data-id=\"56c3665\" data-element_type=\"column\">\n\t\t\t<div class=\"elementor-widget-wrap elementor-element-populated\">\n\t\t\t\t\t\t<div class=\"elementor-element elementor-element-8ac96ac elementor-widget elementor-widget-iiconbox2\" data-id=\"8ac96ac\" data-element_type=\"widget\" data-widget_type=\"iiconbox2.default\">\n\t\t\t\t<div class=\"elementor-widget-container\">\n\t\t\t\t\t\t\t<div class=\"icon-box-s2 s2\">\r\n\t\t\t<div class=\"icon-main\">\r\n\t\t        \t\t\t    \t\t        <span class=\"flaticon-monitor\"><\/span>\t\t        \t        <\/div>\r\n\t        <div class=\"content-box\">\r\n\t            <h5>UI\/UX Design<\/h5>\r\n\t            <p>Build the product you need on time with an experienced team that uses a clear and effective design.<\/p>\r\n\t        <\/div>\r\n\t    <\/div>\r\n\t    \t\t\t\t<\/div>\n\t\t\t\t<\/div>\n\t\t\t\t\t<\/div>\n\t\t<\/div>\n\t\t\t\t<div class=\"elementor-column elementor-col-50 elementor-inner-column elementor-element elementor-element-165a179 ot-flex-column-vertical\" data-id=\"165a179\" data-element_type=\"column\">\n\t\t\t<div class=\"elementor-widget-wrap elementor-element-populated\">\n\t\t\t\t\t\t<div class=\"elementor-element elementor-element-27a4c57 elementor-widget elementor-widget-iiconbox2\" data-id=\"27a4c57\" data-element_type=\"widget\" data-widget_type=\"iiconbox2.default\">\n\t\t\t\t<div class=\"elementor-widget-container\">\n\t\t\t\t\t\t\t<div class=\"icon-box-s2 s2\">\r\n\t\t\t<div class=\"icon-main\">\r\n\t\t        \t\t\t    \t\t        <span class=\"flaticon-best\"><\/span>\t\t        \t        <\/div>\r\n\t        <div class=\"content-box\">\r\n\t            <h5>Dedicated Team<\/h5>\r\n\t            <p>Over the past decade, our customers succeeded by leveraging Intellectsoft\u2019s process of building, motivating.<\/p>\r\n\t        <\/div>\r\n\t    <\/div>\r\n\t    \t\t\t\t<\/div>\n\t\t\t\t<\/div>\n\t\t\t\t\t<\/div>\n\t\t<\/div>\n\t\t\t\t\t<\/div>\n\t\t<\/section>\n\t\t\t\t\t<\/div>\n\t\t<\/div>\n\t\t\t\t\t<\/div>\n\t\t<\/section>\n\t\t\t\t<section class=\"elementor-section elementor-top-section elementor-element elementor-element-29d48c8 ot-traditional elementor-section-boxed elementor-section-height-default elementor-section-height-default\" data-id=\"29d48c8\" data-element_type=\"section\">\n\t\t\t\t\t\t<div class=\"elementor-container elementor-column-gap-default\">\n\t\t\t\t\t<div class=\"elementor-column elementor-col-100 elementor-top-column elementor-element elementor-element-6513233 ot-flex-column-vertical\" data-id=\"6513233\" data-element_type=\"column\">\n\t\t\t<div class=\"elementor-widget-wrap elementor-element-populated\">\n\t\t\t\t\t\t<div class=\"elementor-element elementor-element-658b0aa elementor-widget elementor-widget-iiconbox2\" data-id=\"658b0aa\" data-element_type=\"widget\" data-widget_type=\"iiconbox2.default\">\n\t\t\t\t<div class=\"elementor-widget-container\">\n\t\t\t\t\t\t\t<div class=\"icon-box-s2 s1\">\r\n\t\t\t<div class=\"icon-main\">\r\n\t\t        \t\t\t    \t\t        <span class=\"flaticon-code\"><\/span>\t\t        \t        <\/div>\r\n\t        <div class=\"content-box\">\r\n\t            <h5>Automation solutions and Robotics services<\/h5>\r\n\t            <p>We are an Automation and Robotics company. Specialists in programming AllenBradley and Siemens PLCs of all generations. <br> Specialists in industrial robots of different brands such as: FANUC ABB KUKA -- NACHI -- YASKAWA -- COMAU \u2013\nKAWASAKI Vision integrations of brands: Cognex -- - Datalogic<\/p>\r\n\t        <\/div>\r\n\t    <\/div>\r\n\t    \t\t\t\t<\/div>\n\t\t\t\t<\/div>\n\t\t\t\t\t<\/div>\n\t\t<\/div>\n\t\t\t\t\t<\/div>\n\t\t<\/section>\n\t\t\t\t<\/div>","protected":false},"excerpt":{"rendered":"<p>Nuestras Soluciones y Servicios Soluciones en Automatizacion y servicios de Robotica Somos una empresa de Automatizaci\u00f3n y Rob\u00f3tica. Especialistas en programaci\u00f3n de PLC marcas AllenBradley y Siemens de todas las generaciones. Especialistas en Robots industriales de diferentes marcas como: FANUC &#8212; ABB &#8212; KUKA &#8212; NACHI &#8212; YASKAWA &#8212; COMAU &#8212; KAWASAKI Integraciones de Visi\u00f3n [&hellip;]<\/p>","protected":false},"author":1,"featured_media":0,"parent":0,"menu_order":0,"comment_status":"closed","ping_status":"closed","template":"","meta":{"om_disable_all_campaigns":false,"_monsterinsights_skip_tracking":false,"_monsterinsights_sitenote_active":false,"_monsterinsights_sitenote_note":"","_monsterinsights_sitenote_category":0,"_joinchat":[],"footnotes":""},"class_list":["post-2407","page","type-page","status-publish","hentry"],"_links":{"self":[{"href":"https:\/\/plciorobotics.com\/en\/wp-json\/wp\/v2\/pages\/2407","targetHints":{"allow":["GET"]}}],"collection":[{"href":"https:\/\/plciorobotics.com\/en\/wp-json\/wp\/v2\/pages"}],"about":[{"href":"https:\/\/plciorobotics.com\/en\/wp-json\/wp\/v2\/types\/page"}],"author":[{"embeddable":true,"href":"https:\/\/plciorobotics.com\/en\/wp-json\/wp\/v2\/users\/1"}],"replies":[{"embeddable":true,"href":"https:\/\/plciorobotics.com\/en\/wp-json\/wp\/v2\/comments?post=2407"}],"version-history":[{"count":74,"href":"https:\/\/plciorobotics.com\/en\/wp-json\/wp\/v2\/pages\/2407\/revisions"}],"predecessor-version":[{"id":6218,"href":"https:\/\/plciorobotics.com\/en\/wp-json\/wp\/v2\/pages\/2407\/revisions\/6218"}],"wp:attachment":[{"href":"https:\/\/plciorobotics.com\/en\/wp-json\/wp\/v2\/media?parent=2407"}],"curies":[{"name":"wp","href":"https:\/\/api.w.org\/{rel}","templated":true}]}}